{"id":364,"date":"2016-08-18T03:05:12","date_gmt":"2016-08-18T03:05:12","guid":{"rendered":"http:\/\/industrial.themehipster.com\/demo1\/?page_id=364"},"modified":"2020-07-22T14:25:02","modified_gmt":"2020-07-22T13:25:02","slug":"about-us","status":"publish","type":"page","link":"https:\/\/www.wms-event.de\/?page_id=364","title":{"rendered":"\u00dcber uns"},"content":{"rendered":"<p>[vc_row][vc_column]<div class=\"ult-spacer spacer-69f34d60cafd0\" data-id=\"69f34d60cafd0\" data-height=\"30\" data-height-mobile=\"0\" data-height-tab=\"20\" data-height-tab-portrait=\"10\" data-height-mobile-landscape=\"0\" style=\"clear:both;display:block;\"><\/div>[vc_custom_heading text=&#8221;Alle Aufgaben sind wichtig \u2013 f\u00fcr Sie und f\u00fcr uns&#8221; font_container=&#8221;tag:h2|text_align:center&#8221; use_theme_fonts=&#8221;yes&#8221;][vc_column_text]Unser Service bei WMS-Event ist auf maximale Effizienz ausgelegt. Unsere Abl\u00e4ufe sind so gestrafft, dass wir nicht erforderliche Aufgaben von vornherein ausschlie\u00dfen. Dies erm\u00f6glicht uns bei den Faktoren Zeit, Energie und Kosten den maximalen \u201aReturn of Invest\u2018 zu erzielen. Wir bei WMS-Event sind Profis und verfolgen einen genauen und methodischen Ansatz. Sie m\u00f6chten ein Projekt extern vergeben? Dann w\u00e4hlen Sie ein Team mit nachweislicher Erfolgsbilanz f\u00fcr einwandfreie Effizienz und Kostenkontrolle.[\/vc_column_text]<div class=\"ult-spacer spacer-69f34d60cafe3\" data-id=\"69f34d60cafe3\" data-height=\"50\" data-height-mobile=\"30\" data-height-tab=\"40\" data-height-tab-portrait=\"40\" data-height-mobile-landscape=\"30\" style=\"clear:both;display:block;\"><\/div>[vc_row_inner][vc_column_inner width=&#8221;1\/2&#8243;][vc_column_text]Best\u00e4ndigkeit ist f\u00fcr uns die Grundlage gesch\u00e4ftlicher Exzellenz. Unser Name steht f\u00fcr Kontinuit\u00e4t bei Leistungen und Qualit\u00e4t, damit Sie genau wissen, woran Sie bei uns sind. Standards \u00e4ndern sich bei uns nur zum Besseren. Andere Unternehmen versuchen sich st\u00e4ndig auf neuen M\u00e4rkten, erh\u00f6hen die Preise oder \u00e4ndern ihr Angebot. Bei uns wissen Sie, dass wir auch morgen die besten Preise f\u00fcr beste Produkte und Dienstleistungen bieten.[\/vc_column_text][\/vc_column_inner][vc_column_inner width=&#8221;1\/2&#8243;][vc_progress_bar values=&#8221;%5B%7B%22label%22%3A%22Einsatz%22%2C%22value%22%3A%22100%22%7D%2C%7B%22label%22%3A%22Energie%22%2C%22value%22%3A%22100%22%7D%2C%7B%22label%22%3A%22Leidenschaft%22%2C%22value%22%3A%22100%22%7D%2C%7B%22label%22%3A%22Engagment%22%2C%22value%22%3A%22100%22%7D%2C%7B%22label%22%3A%22Wir%20geben%20IMMER%3A%22%2C%22value%22%3A%22100%22%7D%5D&#8221; options=&#8221;animated&#8221; units=&#8221;%&#8221;][\/vc_column_inner][\/vc_row_inner]<div class=\"ult-spacer spacer-69f34d60cafed\" data-id=\"69f34d60cafed\" data-height=\"90\" data-height-mobile=\"40\" data-height-tab=\"60\" data-height-tab-portrait=\"60\" data-height-mobile-landscape=\"40\" style=\"clear:both;display:block;\"><\/div>[vc_column_text]<\/p>\n<h3><strong>Wie lassen sich Theorie und Praxis vereinbaren?<\/strong><\/h3>\n<p>Wir sind der \u00dcberzeugung, dass wir Ihr Gesch\u00e4ft verstehen m\u00fcssen, bevor wir Sie unterst\u00fctzen k\u00f6nnen. Wir untersuchen alle Ebenen in Ihrem Unternehmen: Angefangen bei der Produktion bis hin zur Vorstandsetage. Durch unsere Sicht von au\u00dfen erhalten wir eine v\u00f6llig objektive Perspektive auf Ihre Methoden und Chancen. Durch unsere Objektivit\u00e4t und unserem Gesch\u00e4ftssinn machen wir uns ein umfassendes Bild. Unsere Formel lautet: <strong>Theorie + Praxis = Erfolg<\/strong>.<\/p>\n<p>Konzeption, Kommunikation, Umsetzung, Personal. Was l\u00e4uft, ist rund, vielseitig und wandelbar. Als Full-Service-Agentur im Eventbereich schlagen wir Br\u00fccken und kn\u00fcpfen ein starkes Netz. Unsere Departements denken und arbeiten interdisziplin\u00e4r, wir bieten professionelles Know-How, individuelle Beratung und Rundumbetreuung bei der Umsetzung von Events, Incentives und Personaldienstleistungen. Wir schaffen Begegnungen zwischen Menschen, Marken und Unternehmen, die zu einpr\u00e4gsamen Ereignissen werden.<\/p>\n<p>Wir sind lange genug in diesem Gesch\u00e4ft, um zu wissen, was der Kunde erwartet: hervorragenden Service, hervorragende Produkte und den Umgang mit einem Unternehmen, das sich seiner Belange annimmt. Wir haben gelernt, wie wir das unserem Kunden geben k\u00f6nnen. Das macht uns so einzigartig auf dem Markt. Wir sind kompetent aus Erfahrung, und das gilt f\u00fcr unser ganzes Team. Wir sind stolz, mit der erreichten Gr\u00f6\u00dfe noch immer die Unabh\u00e4ngigkeit und Exklusivit\u00e4t einer inhabergef\u00fchrten Agentur zu besitzen.[\/vc_column_text][\/vc_column][\/vc_row]<\/p>\n","protected":false},"excerpt":{"rendered":"<p>[vc_row][vc_column][vc_custom_heading text=&#8221;Alle Aufgaben sind wichtig \u2013 f\u00fcr Sie und f\u00fcr uns&#8221; font_container=&#8221;tag:h2|text_align:center&#8221; use_theme_fonts=&#8221;yes&#8221;][vc_column_text]Unser Service bei WMS-Event ist auf maximale Effizienz ausgelegt. Unsere Abl\u00e4ufe sind so gestrafft, dass wir nicht erforderliche Aufgaben von vornherein ausschlie\u00dfen. Dies erm\u00f6glicht uns bei den Faktoren Zeit, Energie und Kosten den maximalen \u201aReturn of Invest\u2018 zu erzielen. Wir bei WMS-Event sind [&hellip;]<\/p>\n","protected":false},"author":1,"featured_media":0,"parent":0,"menu_order":0,"comment_status":"closed","ping_status":"closed","template":"","meta":{"footnotes":""},"folder":[],"class_list":["post-364","page","type-page","status-publish","hentry"],"_links":{"self":[{"href":"https:\/\/www.wms-event.de\/index.php?rest_route=\/wp\/v2\/pages\/364","targetHints":{"allow":["GET"]}}],"collection":[{"href":"https:\/\/www.wms-event.de\/index.php?rest_route=\/wp\/v2\/pages"}],"about":[{"href":"https:\/\/www.wms-event.de\/index.php?rest_route=\/wp\/v2\/types\/page"}],"author":[{"embeddable":true,"href":"https:\/\/www.wms-event.de\/index.php?rest_route=\/wp\/v2\/users\/1"}],"replies":[{"embeddable":true,"href":"https:\/\/www.wms-event.de\/index.php?rest_route=%2Fwp%2Fv2%2Fcomments&post=364"}],"version-history":[{"count":31,"href":"https:\/\/www.wms-event.de\/index.php?rest_route=\/wp\/v2\/pages\/364\/revisions"}],"predecessor-version":[{"id":1116,"href":"https:\/\/www.wms-event.de\/index.php?rest_route=\/wp\/v2\/pages\/364\/revisions\/1116"}],"wp:attachment":[{"href":"https:\/\/www.wms-event.de\/index.php?rest_route=%2Fwp%2Fv2%2Fmedia&parent=364"}],"wp:term":[{"taxonomy":"folder","embeddable":true,"href":"https:\/\/www.wms-event.de\/index.php?rest_route=%2Fwp%2Fv2%2Ffolder&post=364"}],"curies":[{"name":"wp","href":"https:\/\/api.w.org\/{rel}","templated":true}]}}