{"id":430,"date":"2016-08-18T11:34:00","date_gmt":"2016-08-18T11:34:00","guid":{"rendered":"http:\/\/industrial.themehipster.com\/demo1\/?page_id=430"},"modified":"2018-07-27T11:24:57","modified_gmt":"2018-07-27T10:24:57","slug":"our-approach","status":"publish","type":"page","link":"https:\/\/www.wms-event.de\/?page_id=430","title":{"rendered":"Unser Ansatz"},"content":{"rendered":"<p>[vc_row][vc_column][vc_custom_heading text=&#8221;Ihr Event &#8211; und jetzt?&#8221; font_container=&#8221;tag:h3|text_align:center&#8221; use_theme_fonts=&#8221;yes&#8221; css=&#8221;.vc_custom_1532443633376{margin-top: 30px !important;margin-bottom: 30px !important;}&#8221;][vc_row_inner][vc_column_inner]<div class=\"aio-icon-component  vc_custom_1532686865952  info-box-service style_1\"><div id=\"Info-box-wrap-9832\" class=\"aio-icon-box square_box-icon\" style=\"\"  ><div class=\"aio-icon-square_box\"><div class=\"ult-just-icon-wrapper  \"><div class=\"align-icon\" style=\"text-align:center;\">\n<div class=\"aio-icon circle \"  style=\"color:#0a0a0a;font-size:50px;display:inline-block;\">\n\t<i class=\"Defaults-male\"><\/i>\n<\/div><\/div><\/div><\/div><div class=\"aio-icon-header\" ><h3 class=\"aio-icon-title ult-responsive\"  data-ultimate-target='#Info-box-wrap-9832 .aio-icon-title'  data-responsive-json-new='{\"font-size\":\"desktop:18px;\",\"line-height\":\"\"}'  style=\"\">Beratung &amp; Briefing:<\/h3><\/div> <!-- header --><div class=\"aio-icon-description ult-responsive\"  data-ultimate-target='#Info-box-wrap-9832 .aio-icon-description'  data-responsive-json-new='{\"font-size\":\"\",\"line-height\":\"\"}'  style=\"\"><\/p>\n<p style=\"text-align: center;\">Sie laden uns zu einem Briefing ein, haben einen Anlass, eine Idee, eine Vision. Sie wollen mit Ihrer Botschaft die \u00d6ffentlich<span class=\"text_exposed_show\">keit, Ihre Kunden, Ihre Mitarbeiter oder einen bestimmten Markt erreichen. Unternehmenskultur erlebbar machen. Kunden binden. Mitarbeiter motivieren. Menschen begeistern. Produkte pr\u00e4sentieren. Marken setzen. Welches ist die richtige Strategie, welches Kommunikationsformat ideal?<\/span><\/p>\n<p><\/div> <!-- description --><\/div> <!-- aio-icon-box --><\/div> <!-- aio-icon-component --><div class=\"aio-icon-component  vc_custom_1532686875344  info-box-service style_1\"><div id=\"Info-box-wrap-9891\" class=\"aio-icon-box square_box-icon\" style=\"\"  ><div class=\"aio-icon-square_box\"><div class=\"ult-just-icon-wrapper  \"><div class=\"align-icon\" style=\"text-align:center;\">\n<div class=\"aio-icon circle \"  style=\"color:#0a0a0a;font-size:50px;display:inline-block;\">\n\t<i class=\"Defaults-pencil\"><\/i>\n<\/div><\/div><\/div><\/div><div class=\"aio-icon-header\" ><h3 class=\"aio-icon-title ult-responsive\"  data-ultimate-target='#Info-box-wrap-9891 .aio-icon-title'  data-responsive-json-new='{\"font-size\":\"desktop:18px;\",\"line-height\":\"\"}'  style=\"\">Konzeption &amp; Pr\u00e4sentation:<\/h3><\/div> <!-- header --><div class=\"aio-icon-description ult-responsive\"  data-ultimate-target='#Info-box-wrap-9891 .aio-icon-description'  data-responsive-json-new='{\"font-size\":\"\",\"line-height\":\"\"}'  style=\"\"><\/p>\n<p style=\"text-align: center;\">Nun ist unser gesamtes Agentur-Know-How gefragt. Ideen werden entwickelt, diskutiert, verworfen oder verfeinert. Es muss zu Ihnen passen, glaubw\u00fcrdig und in sich stimmig sein. Wir sind Idealisten mit umfangreichen Erfahrungen und einem ausgepr\u00e4gten Gef\u00fchl f\u00fcr Menschen, M\u00e4rkte und Erfolg. F\u00fcr Ihren Erfolg, versteht sich!<\/p>\n<p><\/div> <!-- description --><\/div> <!-- aio-icon-box --><\/div> <!-- aio-icon-component --><div class=\"aio-icon-component  vc_custom_1532686883791  info-box-service style_1\"><div id=\"Info-box-wrap-8086\" class=\"aio-icon-box square_box-icon\" style=\"\"  ><div class=\"aio-icon-square_box\"><div class=\"ult-just-icon-wrapper  \"><div class=\"align-icon\" style=\"text-align:center;\">\n<div class=\"aio-icon circle \"  style=\"color:#0a0a0a;font-size:50px;display:inline-block;\">\n\t<i class=\"Defaults-calendar\"><\/i>\n<\/div><\/div><\/div><\/div><div class=\"aio-icon-header\" ><h3 class=\"aio-icon-title ult-responsive\"  data-ultimate-target='#Info-box-wrap-8086 .aio-icon-title'  data-responsive-json-new='{\"font-size\":\"desktop:18px;\",\"line-height\":\"\"}'  style=\"\">Planung &amp; Kommunikation:<\/h3><\/div> <!-- header --><div class=\"aio-icon-description ult-responsive\"  data-ultimate-target='#Info-box-wrap-8086 .aio-icon-description'  data-responsive-json-new='{\"font-size\":\"\",\"line-height\":\"\"}'  style=\"\"><\/p>\n<p style=\"text-align: center;\">Nun geht es los. Einladungen, Werbung, Drehbuch, Location, Technik, Logistik, K\u00fcnstler, Visa, Flugtickets, KSK, GEMA, Genehmigungen \u2013 alles, was wir mit Ihnen definiert haben, gewinnt Konturen. Nat\u00fcrlich unter strikter Einhaltung des Budgets \u2013 sofern von Ihnen keine besonderen W\u00fcnsche kommen, die wir dennoch gerne fakultativ aufnehmen.<br \/>\nSie bekommen einen detaillierten Zeitplan und regelm\u00e4\u00dfige Statusberichte. Und sonst? Sie brauchen sich um nichts zu k\u00fcmmern \u2013 machen wir f\u00fcr Sie!<\/p>\n<p><\/div> <!-- description --><\/div> <!-- aio-icon-box --><\/div> <!-- aio-icon-component --><div class=\"aio-icon-component  vc_custom_1532686892409  info-box-service style_1\"><div id=\"Info-box-wrap-5282\" class=\"aio-icon-box square_box-icon\" style=\"\"  ><div class=\"aio-icon-square_box\"><div class=\"ult-just-icon-wrapper  \"><div class=\"align-icon\" style=\"text-align:center;\">\n<div class=\"aio-icon circle \"  style=\"color:#0a0a0a;font-size:50px;display:inline-block;\">\n\t<i class=\"Defaults-music\"><\/i>\n<\/div><\/div><\/div><\/div><div class=\"aio-icon-header\" ><h3 class=\"aio-icon-title ult-responsive\"  data-ultimate-target='#Info-box-wrap-5282 .aio-icon-title'  data-responsive-json-new='{\"font-size\":\"desktop:18px;\",\"line-height\":\"\"}'  style=\"\">Durchf\u00fchrung &amp; Umsetzung:<\/h3><\/div> <!-- header --><div class=\"aio-icon-description ult-responsive\"  data-ultimate-target='#Info-box-wrap-5282 .aio-icon-description'  data-responsive-json-new='{\"font-size\":\"\",\"line-height\":\"\"}'  style=\"\"><\/p>\n<p style=\"text-align: center;\">Sie sind f\u00fcr Ihre G\u00e4ste da. Genie\u00dfen den Erfolg Ihrer Veranstaltung und das Lob Ihrer G\u00e4ste. Den Rest machen wir hinter den Kulissen. Organisation, Briefing, Ablauf \u2013 kurz: alles, was anf\u00e4llt und oft noch mehr.<\/p>\n<p><\/div> <!-- description --><\/div> <!-- aio-icon-box --><\/div> <!-- aio-icon-component --><div class=\"aio-icon-component  vc_custom_1532686900654  info-box-service style_1\"><div id=\"Info-box-wrap-4197\" class=\"aio-icon-box square_box-icon\" style=\"\"  ><div class=\"aio-icon-square_box\"><div class=\"ult-just-icon-wrapper  \"><div class=\"align-icon\" style=\"text-align:center;\">\n<div class=\"aio-icon circle \"  style=\"color:#0a0a0a;font-size:50px;display:inline-block;\">\n\t<i class=\"Defaults-smile-o\"><\/i>\n<\/div><\/div><\/div><\/div><div class=\"aio-icon-header\" ><h3 class=\"aio-icon-title ult-responsive\"  data-ultimate-target='#Info-box-wrap-4197 .aio-icon-title'  data-responsive-json-new='{\"font-size\":\"desktop:18px;\",\"line-height\":\"\"}'  style=\"\">Nachbereitung &amp; Erfolgskontrolle:<\/h3><\/div> <!-- header --><div class=\"aio-icon-description ult-responsive\"  data-ultimate-target='#Info-box-wrap-4197 .aio-icon-description'  data-responsive-json-new='{\"font-size\":\"\",\"line-height\":\"\"}'  style=\"\"><\/p>\n<p style=\"text-align: center;\">Auch bei Events oder Incentives ist der Erfolg messbar. Dokumentation, Eventkontakte, Reichweitenmessung und Qualit\u00e4t der Kontakte werden auf Ihren Wunsch aufgenommen und dokumentiert.<\/p>\n<p><\/div> <!-- description --><\/div> <!-- aio-icon-box --><\/div> <!-- aio-icon-component -->[\/vc_column_inner][\/vc_row_inner][\/vc_column][\/vc_row]<\/p>\n","protected":false},"excerpt":{"rendered":"<p>[vc_row][vc_column][vc_custom_heading text=&#8221;Ihr Event &#8211; und jetzt?&#8221; font_container=&#8221;tag:h3|text_align:center&#8221; use_theme_fonts=&#8221;yes&#8221; css=&#8221;.vc_custom_1532443633376{margin-top: 30px !important;margin-bottom: 30px !important;}&#8221;][vc_row_inner][vc_column_inner][\/vc_column_inner][\/vc_row_inner][\/vc_column][\/vc_row]<\/p>\n","protected":false},"author":1,"featured_media":814,"parent":364,"menu_order":0,"comment_status":"closed","ping_status":"closed","template":"","meta":{"footnotes":""},"folder":[],"class_list":["post-430","page","type-page","status-publish","has-post-thumbnail","hentry"],"_links":{"self":[{"href":"https:\/\/www.wms-event.de\/index.php?rest_route=\/wp\/v2\/pages\/430","targetHints":{"allow":["GET"]}}],"collection":[{"href":"https:\/\/www.wms-event.de\/index.php?rest_route=\/wp\/v2\/pages"}],"about":[{"href":"https:\/\/www.wms-event.de\/index.php?rest_route=\/wp\/v2\/types\/page"}],"author":[{"embeddable":true,"href":"https:\/\/www.wms-event.de\/index.php?rest_route=\/wp\/v2\/users\/1"}],"replies":[{"embeddable":true,"href":"https:\/\/www.wms-event.de\/index.php?rest_route=%2Fwp%2Fv2%2Fcomments&post=430"}],"version-history":[{"count":23,"href":"https:\/\/www.wms-event.de\/index.php?rest_route=\/wp\/v2\/pages\/430\/revisions"}],"predecessor-version":[{"id":990,"href":"https:\/\/www.wms-event.de\/index.php?rest_route=\/wp\/v2\/pages\/430\/revisions\/990"}],"up":[{"embeddable":true,"href":"https:\/\/www.wms-event.de\/index.php?rest_route=\/wp\/v2\/pages\/364"}],"wp:featuredmedia":[{"embeddable":true,"href":"https:\/\/www.wms-event.de\/index.php?rest_route=\/wp\/v2\/media\/814"}],"wp:attachment":[{"href":"https:\/\/www.wms-event.de\/index.php?rest_route=%2Fwp%2Fv2%2Fmedia&parent=430"}],"wp:term":[{"taxonomy":"folder","embeddable":true,"href":"https:\/\/www.wms-event.de\/index.php?rest_route=%2Fwp%2Fv2%2Ffolder&post=430"}],"curies":[{"name":"wp","href":"https:\/\/api.w.org\/{rel}","templated":true}]}}