{"id":438,"date":"2016-08-18T11:55:25","date_gmt":"2016-08-18T11:55:25","guid":{"rendered":"http:\/\/industrial.themehipster.com\/demo1\/?page_id=438"},"modified":"2019-01-10T14:31:27","modified_gmt":"2019-01-10T13:31:27","slug":"our-partner","status":"publish","type":"page","link":"https:\/\/www.wms-event.de\/?page_id=438","title":{"rendered":"Unsere Partner"},"content":{"rendered":"<p>[vc_row][vc_column][vc_column_text]<div class='content-column two_third'><\/div>[\/vc_column_text][\/vc_column][\/vc_row][vc_row][vc_column][industrial_partner title=&#8221;Diskjockey.de&#8221; logo=&#8221;1040&#8243; address=&#8221;Mobile Discotheken &#8211; bundesweit&#8221; description=&#8221;Mit der hauseigenen Diskjockey-Agentur finden Sie nicht nur den richtigen Diskjockey &amp; Moderator, sondern auch den passenden Show-Act f\u00fcr Ihre Veranstaltung &#8211; und das bundesweit! Jeder Kunde und jedes Projekt werden ganz individuell betreut. Mit ma\u00dfgeschneiderten Ideen von Menschen, die in ihrem Bereich seit Jahren professionelle Arbeit leisten. Pers\u00f6nlichkeit, Individualit\u00e4t und kreativer Freiraum stehen bei unserem Arbeiten im Vordergrund. Denn nur so kann perfekte Leistung entstehen, damit auch Ihre Veranstaltung allen eine unvergessene positive Erinnerung bleibt&#8230;&#8230; denn wir arbeiten zu Ihrem Vergn\u00fcgen!&#8221; link=&#8221;url:http%3A%2F%2Fwww.diskjockey.de||target:%20_blank|&#8221; img_size=&#8221;100&#215;100&#8243;][vc_separator][industrial_partner title=&#8221;Photobox-Verleih.de&#8221; logo=&#8221;1042&#8243; address=&#8221;Photoboxen f\u00fcr Braunschweig, Wolfsburg, Wolfenb\u00fcttel, Helmstedt, Salzgitter, K\u00f6ngislutter und das braunschweiger Land&#8221; description=&#8221;Wenn Sie auf der Suche nach Photoboxen f\u00fcr Ihre Hochzeitsfeier, Firmenveranstaltung, Abiball oder anderen Feiern sind, dann bekommen Sie hier das Rundum-Sorglos-Paket. Diese Photoboxen sind auf jeder Veranstaltung ein Renner. Die Photobox schenkt dem Moment die Dauer. Direkt ausgedruckt und zuhause als Erinnerung an einen aufregenden Tag verewigt.<br \/>\nProfessionelle Party-Selfies f\u00fcr jede Art von Veranstaltung mit bestem Service und gutem Preis\/Leistungsverh\u00e4ltnis.&#8221; img_size=&#8221;100&#215;100&#8243; link=&#8221;url:http%3A%2F%2Fwww.phbv.de||target:%20_blank|&#8221;][vc_separator][industrial_partner title=&#8221;StageTrailer.de&#8221; address=&#8221;Unser Anspruch ist es Ihr Produkt erlebbar zu machen!&#8221; description=&#8221;Egal ob es um Produktpr\u00e4sentation, Moderation, Tag der offenen T\u00fcr oder kleines Konzert geht, der StageTrailer ist Ihr verl\u00e4sslicher Partner! Den StageTrailer k\u00f6nnen Sie nat\u00fcrlich ganz in Ihrer CI branden. Auf- und abgebaut in nur 30 Minuten macht er nicht nur Fu\u00dfg\u00e4ngerzonen zur passenden B\u00fchne.&#8221; logo=&#8221;845&#8243; img_size=&#8221;100&#215;100&#8243; link=&#8221;url:http%3A%2F%2Fstagetrailer.de||target:%20_blank|&#8221;][vc_separator][industrial_partner title=&#8221;Mietwaren.de&#8221; logo=&#8221;843&#8243; address=&#8221;Ihr Event &#8211; unser Job!&#8221; description=&#8221;Bei Mietwaren.de finden wir die passende Ausstattung f\u00fcr jede Veranstaltung. St\u00f6bern sie in Ruhe im Katalog &#8211; hier finden sie jede erdenklich Ausstattung f\u00fcr Ihre Veranstaltung: angefangen bei M\u00f6beln, Geschirr, Lounge-M\u00f6bel, Messeausstattung, Teppiche bis hin zu ganzen K\u00fcchenausstattungen. Und falls das passende mal nicht dabei sein sollte, finden wir den passenden Ersatz. &#8221; img_size=&#8221;100&#215;100&#8243; link=&#8221;url:http%3A%2F%2Fmietwaren.de||target:%20_blank|&#8221;][vc_separator][industrial_partner title=&#8221;Bemusterung.de&#8221; logo=&#8221;1111&#8243; img_size=&#8221;100&#215;100&#8243; address=&#8221;Unser Musik-Bemusterungs Portal&#8221; description=&#8221;Hier werden t\u00e4glich mp3&#8217;s oder CD&#8217;s an DJs verschickt bzw. zum Download zur Verf\u00fcgung gestellt. Eine Bemusterung l\u00e4uft 4 Wochen. Mitglieder des Berufsvervand Discjockey e.V. k\u00f6nnen diese Titel bewerten und den Plattenfirmen somit ein Feedback geben. &#8221; link=&#8221;url:http%3A%2F%2Fhitarbeiter.de||target:%20_blank|&#8221;][industrial_partner title=&#8221;Hitarbeiter Musik-Promotion&#8221; logo=&#8221;1041&#8243; img_size=&#8221;100&#215;100&#8243; address=&#8221;Es wird getanzt, was auf die Teller kommt!&#8221; description=&#8221;Unser Partner f\u00fcr alles rund ums Thema Musik-Promotion. Neben den DJTop100- Charts und den &#8220;offizielle DJ Charts &#8211; ODJC&#8220; wird auch der Promotion-Pool Bemusterung.de exklusiv f\u00fcr die Mitglieder des Berufsverband Discjockey e.V. betreut, sowie regelm\u00e4\u00dfig die Hitarbeiter-Promo-CD produziert. Schenken Sie Ihren Kunden und G\u00e4sten statt schn\u00f6den Gummib\u00e4rchen doch Mal eine hauseigene Compilation-CD als Give-Away.&#8221; link=&#8221;url:http%3A%2F%2Fhitarbeiter.de||target:%20_blank|&#8221;][\/vc_column][\/vc_row]<\/p>\n","protected":false},"excerpt":{"rendered":"<p>[vc_row][vc_column][vc_column_text][\/vc_column_text][\/vc_column][\/vc_row][vc_row][vc_column][industrial_partner title=&#8221;Diskjockey.de&#8221; logo=&#8221;1040&#8243; address=&#8221;Mobile Discotheken &#8211; bundesweit&#8221; description=&#8221;Mit der hauseigenen Diskjockey-Agentur finden Sie nicht nur den richtigen Diskjockey &amp; Moderator, sondern auch den passenden Show-Act f\u00fcr Ihre Veranstaltung &#8211; und das bundesweit! Jeder Kunde und jedes Projekt werden ganz individuell betreut. Mit ma\u00dfgeschneiderten Ideen von Menschen, die in ihrem Bereich seit Jahren professionelle Arbeit leisten. [&hellip;]<\/p>\n","protected":false},"author":1,"featured_media":0,"parent":364,"menu_order":0,"comment_status":"closed","ping_status":"closed","template":"","meta":{"footnotes":""},"folder":[],"class_list":["post-438","page","type-page","status-publish","hentry"],"_links":{"self":[{"href":"https:\/\/www.wms-event.de\/index.php?rest_route=\/wp\/v2\/pages\/438","targetHints":{"allow":["GET"]}}],"collection":[{"href":"https:\/\/www.wms-event.de\/index.php?rest_route=\/wp\/v2\/pages"}],"about":[{"href":"https:\/\/www.wms-event.de\/index.php?rest_route=\/wp\/v2\/types\/page"}],"author":[{"embeddable":true,"href":"https:\/\/www.wms-event.de\/index.php?rest_route=\/wp\/v2\/users\/1"}],"replies":[{"embeddable":true,"href":"https:\/\/www.wms-event.de\/index.php?rest_route=%2Fwp%2Fv2%2Fcomments&post=438"}],"version-history":[{"count":42,"href":"https:\/\/www.wms-event.de\/index.php?rest_route=\/wp\/v2\/pages\/438\/revisions"}],"predecessor-version":[{"id":1146,"href":"https:\/\/www.wms-event.de\/index.php?rest_route=\/wp\/v2\/pages\/438\/revisions\/1146"}],"up":[{"embeddable":true,"href":"https:\/\/www.wms-event.de\/index.php?rest_route=\/wp\/v2\/pages\/364"}],"wp:attachment":[{"href":"https:\/\/www.wms-event.de\/index.php?rest_route=%2Fwp%2Fv2%2Fmedia&parent=438"}],"wp:term":[{"taxonomy":"folder","embeddable":true,"href":"https:\/\/www.wms-event.de\/index.php?rest_route=%2Fwp%2Fv2%2Ffolder&post=438"}],"curies":[{"name":"wp","href":"https:\/\/api.w.org\/{rel}","templated":true}]}}