{"id":685,"date":"2018-03-12T10:11:08","date_gmt":"2018-03-12T09:11:08","guid":{"rendered":"http:\/\/wms.rootfeld-evolution.de\/?page_id=685"},"modified":"2026-01-30T17:08:00","modified_gmt":"2026-01-30T16:08:00","slug":"impressum","status":"publish","type":"page","link":"https:\/\/www.wms-event.de\/?page_id=685","title":{"rendered":"Impressum"},"content":{"rendered":"<p>[vc_row][vc_column][vc_column_text]<\/p>\n<p style=\"text-align: center;\">WMS-Event.de &#8211; die Eventertainer \u00ae<\/p>\n<p style=\"text-align: center;\">B\u00fcro- + Paketanschrift:<br \/>\nBevenroder Stra\u00dfe 151<br \/>\n38108 Braunschweig<\/p>\n<p style=\"text-align: center;\">Agenturleitung:\u00a0<a title=\"\" href=\"mailto:dirk@wms-event.de\" target=\"_blank\" rel=\"noopener\">Dirk W\u00f6hler\u00a0<\/a>| Betriebswirt<\/p>\n<p style=\"text-align: center;\">Telefon: +49 (0) 531 3 6 8 8 8<br \/>\nTelefax: +49 (0) 531 36 36 88<\/p>\n<p style=\"text-align: center;\">eMail:\u00a0<a title=\"\" href=\"mailto:info@wms-event.de\" target=\"_blank\" rel=\"noopener\">info(at)wms-event.de<\/a><\/p>\n<p style=\"text-align: center;\">SteuerNr: 13\/149\/03788<\/p>\n<p style=\"text-align: center;\">Eventertainer\u00ae ist eine eingetragene Marke beim Marken- und Patentamt M\u00fcnchen.<\/p>\n<p style=\"text-align: center;\">Bildindex: , Dirk W\u00f6hler, fotolia<\/p>\n<p class=\"\"><span style=\"font-size: 8pt;\"><strong>Allgemeine Gesch\u00e4ftsbedingungen<\/strong><\/span><br \/>\n<span style=\"font-size: 8pt;\"><strong>DIRK W\u00d6HLER | WMS-Event, Braunschweig<\/strong><\/span><\/p>\n<p><span style=\"font-size: 8pt;\"><u>1. Allgemeines<\/u><\/span><br \/>\n<span style=\"font-size: 8pt;\">1.1<\/span><br \/>\n<span style=\"font-size: 8pt;\">Unsere Vertragspartner werden nachfolgend Auftraggeber, DIRK W\u00d6HLER | WMS-Event als Auftragnehmer oder als DIRK W\u00d6HLER | WMS-Event bezeichnet, ohne dass dies die rechtliche Einordnung der Vertragsbeziehungen pr\u00e4judiziert.<\/span><br \/>\n<span style=\"font-size: 8pt;\">1.2<\/span><br \/>\n<span style=\"font-size: 8pt;\">Die nachstehenden Bedingungen sind fester Bestandteil und gelten ausschlie\u00dflich f\u00fcr alle Lieferungen und Leistungen sowie s\u00e4mtlicher Vertr\u00e4ge, die zwischen dem Auftraggeber und dem Auftragnehmer abgeschlossen werden, ohne dass es eines Wider-spruchs des Auftragnehmers gegen etwaige vom Auftraggeber gemachte Einschr\u00e4nkungen bedarf.<\/span><br \/>\n<span style=\"font-size: 8pt;\">1.3<\/span><br \/>\n<span style=\"font-size: 8pt;\">Abweichungen von diesen allgemeinen Gesch\u00e4ftsbedingungen, weitere Vereinbarungen und Nebenabreden, bed\u00fcrfen der<\/span><br \/>\n<span style=\"font-size: 8pt;\">Textform oder der ausdr\u00fccklichen Best\u00e4tigung durch DIRK W\u00d6HLER | WMS-Event. Allgemeine Gesch\u00e4ftsbedingungen des Auftraggebers sind nur soweit g\u00fcltig, wie DIRK W\u00d6HLER | WMS-Event sich damit ausdr\u00fccklich und schriftlich einverstanden erkl\u00e4rt.<\/span><\/p>\n<p><span style=\"font-size: 8pt;\"><u>2. Angebot und Vertragsabschluss<\/u><\/span><br \/>\n<span style=\"font-size: 8pt;\">2.1<\/span><br \/>\n<span style=\"font-size: 8pt;\">Die Angebote von DIRK W\u00d6HLER | WMS-Event sind freibleibend und unverbindlich. Auftr\u00e4ge und Vereinbarungen werden ausschlie\u00dflich erst dann verbindlich, wenn sie durch DIRK W\u00d6HLER | WMS-Event schriftlich best\u00e4tigt worden sind.<\/span><br \/>\n<span style=\"font-size: 8pt;\">2.2<\/span><br \/>\n<span style=\"font-size: 8pt;\">Nur schriftliche Vertragserkl\u00e4rungen von DIRK W\u00d6HLER | WMS-Event, insbesondere Leistungsangebote und Angebots annehmen,<\/span><br \/>\n<span style=\"font-size: 8pt;\">verpflichten DIRK W\u00d6HLER | WMS-Event. M\u00fcndliche Vereinbarungen bed\u00fcrfen zu ihrer Verbindlichkeit der schriftlichen Best\u00e4tigung durch DIRK W\u00d6HLER | WMS-Event.<\/span><br \/>\n<span style=\"font-size: 8pt;\">2.3<\/span><br \/>\n<span style=\"font-size: 8pt;\">Ein Vertragsabschluss kommt nur zustande, wenn dieser schriftlich niedergelegt und der Vertrag rechtswirksam unterschrieben ist. Vertrags\u00e4nderungen und neue Angebote m\u00fcssen schriftlich abgefasst und\/oder best\u00e4tigt werden.<\/span><\/p>\n<p><span style=\"font-size: 8pt;\"><u>3. Leistungsumfang<\/u><\/span><br \/>\n<span style=\"font-size: 8pt;\">3.1<\/span><br \/>\n<span style=\"font-size: 8pt;\">Zu den Leistungen des Auftragnehmers z\u00e4hlen insbesondere alle Sach- und Dienstleitungen, die zur Durchf\u00fchrung der im Auftrag gegebenen Veranstaltung erforderlich sind.<\/span><br \/>\n<span style=\"font-size: 8pt;\">3.2<\/span><br \/>\n<span style=\"font-size: 8pt;\">Der genaue Gegenstand der Leistung ergibt sich aus dem zwischen dem Auftraggeber und dem Auftragnehmer geschlossenen Ver-trag.<\/span><br \/>\n<span style=\"font-size: 8pt;\">3.3<\/span><br \/>\n<span style=\"font-size: 8pt;\">Alle f\u00fcr die Durchf\u00fchrung des Auftrages erforderlichen und angelieferten Gegenst\u00e4nde und Materialien stehen und bleiben im Eigen-tum von DIRK W\u00d6HLER | WMS-Event und m\u00fcssen unverz\u00fcglich nach Beendigung der Veranstaltung an DIRK W\u00d6HLER | WMS-Event zur\u00fcckgegeben werden.<\/span><\/p>\n<p class=\"\"><span style=\"font-size: 8pt;\"><u>4. Lieferzeit<\/u><\/span><br \/>\n<span style=\"font-size: 8pt;\">4.1<\/span><br \/>\n<span style=\"font-size: 8pt;\">Die in der jeweilig gesondert getroffenen Vereinbarung angegebenen Liefer- und Leistungstermine sind grunds\u00e4tzlich verbindlich.<\/span><br \/>\n<span style=\"font-size: 8pt;\">4.2<\/span><br \/>\n<span style=\"font-size: 8pt;\">DIRK W\u00d6HLER | WMS-Event wird jedoch von der Lieferverpflichtung frei, wenn DIRK W\u00d6HLER | WMS-Event der Erf\u00fcllung ihrer Verpflichtung durch den Eintritt von unvorhersehbaren au\u00dfergew\u00f6hnlichen Umst\u00e4nden gehindert wird, die sie trotz der nach den Umst\u00e4nden des Falles zumutbaren Sorgfalt nicht abwenden konnte, z.B. bei h\u00f6herer Gewalt, Betriebsst\u00f6rungen wie Streik oder Aussperrung, beh\u00f6rdlichen Eingriffen, Verz\u00f6gerung in der Anlieferung wesentlicher Rohstoffe usw., und wenn durch die oben angegebenen Um-st\u00e4nde die Lieferung oder Leistung unm\u00f6glich wird. Bei allen angegebenen Hinderungsgr\u00fcnden ist es unerheblich, ob sie beim Auftraggeber oder bei DIRK W\u00d6HLER | WMS-Event entstehen.<\/span><br \/>\n<span style=\"font-size: 8pt;\">4.3<\/span><br \/>\n<span style=\"font-size: 8pt;\">Wird DIRK W\u00d6HLER | WMS-Event aus von ihm nicht zu vertretenden Gr\u00fcnden von der Lieferverpflichtung frei, so entfallen etwaige<\/span><br \/>\n<span style=\"font-size: 8pt;\">hieraus hergeleitete Schadenersatzanspr\u00fcche und R\u00fccktrittsrechte des Auftraggebers.<\/span><br \/>\n<span style=\"font-size: 8pt;\">4.4<\/span><br \/>\n<span style=\"font-size: 8pt;\">Der Auftraggeber verpflichtet sich, dem Auftragnehmer den Veranstaltungsort zu dem im Vertrag angegebenen Zeitpunkt des Beginns des Aufbaus zug\u00e4nglich zu machen.<\/span><\/p>\n<p><span style=\"font-size: 8pt;\"><u>5. Lieferung ins Zollausland und an exterritoriale Missionen<\/u><\/span><br \/>\n<span style=\"font-size: 8pt;\">5.1<\/span><br \/>\n<span style=\"font-size: 8pt;\">Die anfallenden Kosten und Geb\u00fchren, z.B. f\u00fcr Zolldeklarationen und \u2013abfertigung, Luftfracht und Landtransport, Einfuhrpapiere, Proforma-Rechnungen, Pflanzenschutzzeugnis, Veterin\u00e4rzeugnisse, Personalkosten wie Hotelunterkunft, Spesen, Stundens\u00e4tze, Visageb\u00fchren, Transfer vor Ort gehen zu Lasten des Auftraggebers.<\/span><br \/>\n<span style=\"font-size: 8pt;\">5.2<\/span><br \/>\n<span style=\"font-size: 8pt;\">Die Zollfreigabe der Waren hat der Auftraggeber bei zuf\u00fchren.<\/span><\/p>\n<p><span style=\"font-size: 8pt;\"><u>6. Preise und Zahlungsbedingungen<\/u><\/span><br \/>\n<span style=\"font-size: 8pt;\">6.1<\/span><br \/>\n<span style=\"font-size: 8pt;\">Ma\u00dfgebend sind die in der Auftragsbest\u00e4tigung oder in dem Vertrag angef\u00fchrten Preise zuz\u00fcglich der jeweiligen gesetzlichen Mehrwertsteuer, die am Tage der Rechnungsstellung in der Rechnung gesondert ausgewiesen wird.<\/span><br \/>\n<span style=\"font-size: 8pt;\">6.2<\/span><br \/>\n<span style=\"font-size: 8pt;\">Der Kaufpreis, die Preise f\u00fcr Lieferungen, Leistungen und verauslagte Kosten sind nach den im Vertrag angegebenen Zahlungsbedingungen f\u00e4llig.<\/span><br \/>\n<span style=\"font-size: 8pt;\">6.3<\/span><br \/>\n<span style=\"font-size: 8pt;\">DIRK W\u00d6HLER | WMS-Event beh\u00e4lt sich vor, eine Anzahlung auf Leistungen in angemessener H\u00f6he vom Auftraggeber zu verlangen.<\/span><br \/>\n<span style=\"font-size: 8pt;\">6.4<\/span><br \/>\n<span style=\"font-size: 8pt;\">Der offene Saldo der Schlussrechnung ist unverz\u00fcglich ohne Abzug nach Erhalt der Rechnung f\u00e4llig.<\/span><br \/>\n<span style=\"font-size: 8pt;\">6.5<\/span><br \/>\n<span style=\"font-size: 8pt;\">Im Falle eines Zahlungsverzuges ist DIRK W\u00d6HLER | WMS-Event berechtigt, Verzugszinsen in H\u00f6he von 3% \u00fcber dem jeweils g\u00fcltigen Bundesbank- Diskontsatz zu berechnen. Die Geltendmachung eines dar\u00fcber hinaus gehenden Verzugsschadens bleibt DIRK W\u00d6HLER | WMS-Event vorbehalten.<\/span><br \/>\n<span style=\"font-size: 8pt;\">6.6<\/span><br \/>\n<span style=\"font-size: 8pt;\">Wechsel oder Schecks werden nur nach besonderer Vereinbarung entgegengenommen und gelten erst nach ihrer Einl\u00f6sung als Zah-lung.<\/span><br \/>\n<span style=\"font-size: 8pt;\">6.7<\/span><br \/>\n<span style=\"font-size: 8pt;\">Eine Aufrechnung mit Gegenanspr\u00fcchen des Auftraggebers ist nur m\u00f6glich, soweit es sich um unbestrittene oder rechtskr\u00e4ftig festgestellte Forderungen handelt.<\/span><br \/>\n<span style=\"font-size: 8pt;\">6.8<\/span><br \/>\n<span style=\"font-size: 8pt;\">F\u00fcr alle Auftr\u00e4ge werden dem Auftraggeber die bis zum Zeitpunkt der Abbestellung nachgewiesenen Kosten in Rechnung gestellt. Weitere Schadenersatzanspr\u00fcche bleiben von dieser Regelung unber\u00fchrt.<\/span><\/p>\n<p><span style=\"font-size: 8pt;\"><u>7. Beanstandungen<\/u><\/span><br \/>\n<span style=\"font-size: 8pt;\">7.1<\/span><br \/>\n<span style=\"font-size: 8pt;\">Beanstandungen sind unverz\u00fcglich m\u00fcndlich dem ausf\u00fchrenden Veranstaltungsleiter von DIRK W\u00d6HLER | WMS-Event mitzuteilen.<\/span><br \/>\n<span style=\"font-size: 8pt;\">7.2<\/span><br \/>\n<span style=\"font-size: 8pt;\">Offensichtliche M\u00e4ngel und Fehlleistungen m\u00fcssen vom Auftraggeber unverz\u00fcglich m\u00fcndlich bzw. telefonisch, sp\u00e4testens jedoch innerhalb von zwei Tagen nach Veranstaltungsende schriftlich bei DIRK W\u00d6HLER | WMS-Event angezeigt werden. Andernfalls sind hierf\u00fcr alle weitergehenden Anspr\u00fcche ausgeschlossen.<\/span><\/p>\n<p><span style=\"font-size: 8pt;\"><u>8. Gefahr\u00fcbergang und Haftung<\/u><\/span><br \/>\n<span style=\"font-size: 8pt;\">8.1<\/span><br \/>\n<span style=\"font-size: 8pt;\">Bei Anlieferung des Materials hat der Auftraggeber dies zu \u00fcberpr\u00fcfen. Im Falle von Reklamationen gilt Ziffer 7.<\/span><br \/>\n<span style=\"font-size: 8pt;\">8.2<\/span><br \/>\n<span style=\"font-size: 8pt;\">Der Auftraggeber \u00fcbernimmt w\u00e4hrend der gesamten Veranstaltungsdauer (vereinbarte Veranstaltungsdauer zzgl. Des \u00fcberschreitenden Zeitraumes und der Auf- und Abbauzeit) die Haftung f\u00fcr die Sicherheit des vom Auftragnehmer am Veranstaltungsort eingesetzten Personals und des eingebrachten Materials.<\/span><br \/>\n<span style=\"font-size: 8pt;\">8.3<\/span><br \/>\n<span style=\"font-size: 8pt;\">F\u00fcr Sch\u00e4den die durch Personen, die nicht W\u00f6hler Music + Show angeh\u00f6ren, entstehen, haftet der Auftraggeber.<\/span><br \/>\n<span style=\"font-size: 8pt;\">8.4<\/span><br \/>\n<span style=\"font-size: 8pt;\">Kann der Vertragsgegenstand durch ein Verschulden des Auftraggebers nicht erbracht werden, so haftet der Auftraggeber mit den vollen Kosten des Vertragsgegenstandes.<\/span><br \/>\n<span style=\"font-size: 8pt;\">8.5<\/span><br \/>\n<span style=\"font-size: 8pt;\">DIRK W\u00d6HLER | WMS-Event haftet f\u00fcr Vorsatz und grobe Fahrl\u00e4ssigkeit in der H\u00f6he unbegrenzt.<\/span><br \/>\n<span style=\"font-size: 8pt;\">8.6<\/span><br \/>\n<span style=\"font-size: 8pt;\">Die vom Auftragnehmer am Veranstaltungsort eingebrachten Materialien und Anlagen m\u00fcssen w\u00e4hrend der Nacht von Wachleuten In der Verantwortung des Auftraggebers bewacht werden.<\/span><\/p>\n<p><span style=\"font-size: 8pt;\"><u>9. R\u00fccktritt vom Vertrag<\/u><\/span><br \/>\n<span style=\"font-size: 8pt;\">9.1<\/span><br \/>\n<span style=\"font-size: 8pt;\">Im Falle der Verhinderung des Auftraggebers oder aus einem anderen, vom Auftraggeber zu vertretendem Grunde, erkl\u00e4rt sich der Auftraggeber damit einverstanden, eine finanzielle Entsch\u00e4digung zu leisten. Tritt der Auftraggeber fr\u00fcher als drei Monate vor dem Veranstaltungstermin zur\u00fcck, verpflichtet er sich 25 % der Gesamtnettoauftragssumme zzgl. der gesetzlichen MwSt. binnen 5 Werktagen nach Erkl\u00e4rung des R\u00fccktritts auf das Konto des Auftragnehmers zu \u00fcberweisen. Tritt der Auftraggeber zwischen der 12. und der 6. Woche vor dem Veranstaltungstermin zur\u00fcck, verpflichtet er sich 50% der Gesamtnettoauftragssumme zzgl. der gesetzlichen MwSt. binnen 5 Werktagen nach Erkl\u00e4rung des R\u00fccktritts auf das Konto des Auftragnehmers zu \u00fcberweisen, bei jedem sp\u00e4teren R\u00fccktritt 70 % der Gesamtnettoauftragssumme zzgl. der gesetzlichen MwSt.. <\/span><br \/>\n<span style=\"font-size: 8pt;\">9.2<\/span><br \/>\n<span style=\"font-size: 8pt;\">DIRK W\u00d6HLER | WMS-Event kann vom Vertrag zur\u00fccktreten, wenn eine Zahlungseinstellung, die Er\u00f6ffnung des Konkurs- oder gerichtlichen Vergleichsverfahrens, die Ablehnung des Konkurses mangels Masse, Wechsel- oder Scheckproteste o.a. konkrete Anhaltspunkte \u00fcber Verschlechterung in den Verm\u00f6gensverh\u00e4ltnissen des Auftraggebers bekannt werden.<\/span><br \/>\n<span style=\"font-size: 8pt;\">9.3<\/span><br \/>\n<span style=\"font-size: 8pt;\">Wenn der Auftragnehmer vom Vertrag zur\u00fccktritt, oder wenn die Lieferung aus Gr\u00fcnden nicht ausgef\u00fchrt wird, die der Auftraggeber zu vertreten hat, dann hat der Auftraggeber f\u00fcr die Aufwendungen und den entgangenen Gewinn des Auftragnehmers eine pauschale Entsch\u00e4digung von 10% der Gesamtnettoauftragssumme zu zahlen.<\/span><br \/>\n<span style=\"font-size: 8pt;\">9.4<\/span><br \/>\n<span style=\"font-size: 8pt;\">Ein R\u00fccktrittsrecht vom Vertrag besteht f\u00fcr den Auftraggeber und den Auftragnehmer bis zum zehnten Tag nach der Unterzeichnung, und bedarf der Textform. Datum des Poststempels.<\/span><br \/>\n<span style=\"font-size: 8pt;\">9.5<\/span><br \/>\n<span style=\"font-size: 8pt;\">\u00c4nderungen und Streichungen sowie die Aufhebung auch nur einzelner Bestimmungen bed\u00fcrfen zu ihrer Verbindlichkeit ausdr\u00fccklich der Textform.<\/span><\/p>\n<p><span style=\"font-size: 8pt;\"><u>10. Abgaben und allgemeine Leistungen<\/u><\/span><br \/>\n<span style=\"font-size: 8pt;\">10.1<\/span><br \/>\n<span style=\"font-size: 8pt;\">Abgaben aller Art (GEMA) hat ausdr\u00fccklich der Auftraggeber zu entrichten, auch f\u00fcr die eingesetzten und \u00fcberspielten Tontr\u00e4ger.<\/span><br \/>\n<span style=\"font-size: 8pt;\">10.2<\/span><br \/>\n<span style=\"font-size: 8pt;\">Der Auftragnehmer \u00fcbernimmt diese Abgaben nur, wenn dies ausdr\u00fccklich und schriftlich vereinbart wird.<\/span><br \/>\n<span style=\"font-size: 8pt;\">Der Auftragnehmer beh\u00e4lt sich vor, entstehende Kosten auf den Auftraggeber zu \u00fcbertragen.<\/span><br \/>\n<span style=\"font-size: 8pt;\">10.3<\/span><br \/>\n<span style=\"font-size: 8pt;\">Energie und Wasserkosten gehen grunds\u00e4tzlich zu Lasten des Auftraggebers.<\/span><br \/>\n<span style=\"font-size: 8pt;\">10.4<\/span><br \/>\n<span style=\"font-size: 8pt;\">F\u00fcr das Personal von DIRK W\u00d6HLER | WMS-Event sollten angemessene, verschlie\u00dfbare Umkleidem\u00f6glichkeiten mit WC und Waschm\u00f6glichkeiten in unmittelbarer N\u00e4he des Veranstaltungsraumes zur Verf\u00fcgung stehen.<\/span><br \/>\n<span style=\"font-size: 8pt;\">10.5<\/span><br \/>\n<span style=\"font-size: 8pt;\">Das Catering f\u00fcr das Personal von DIRK W\u00d6HLER | WMS-Event (nicht alkoholische Getr\u00e4nke, Kaffee, Tee, Vollpension) geht selbstverst\u00e4nd-lich zu Lasten des Auftraggebers.<\/span><br \/>\n<span style=\"font-size: 8pt;\">10.6<\/span><br \/>\n<span style=\"font-size: 8pt;\">Die Unterbringung des Personals von DIRK W\u00d6HLER | WMS-Event, die im Auftrag einzeln benannt werden, tr\u00e4gt der Auftraggeber.<\/span><\/p>\n<p><span style=\"font-size: 8pt;\"><u>11. K\u00fcnstler<\/u><\/span><br \/>\n<span style=\"font-size: 8pt;\">11.1<\/span><br \/>\n<span style=\"font-size: 8pt;\">K\u00fcnstler sind keine Angeh\u00f6rigen von DIRK W\u00d6HLER | WMS-Event.<\/span><\/p>\n<p><span style=\"font-size: 8pt;\"><u>12. Werbung<\/u><\/span><br \/>\n<span style=\"font-size: 8pt;\">12.1<\/span><br \/>\n<span style=\"font-size: 8pt;\">Wir behalten uns vor, in angemessenem Ma\u00dfe, neue Kunden w\u00e4hrend der Veranstaltung zu werben.<\/span><br \/>\n<span style=\"font-size: 8pt;\">12.2<\/span><br \/>\n<span style=\"font-size: 8pt;\">Der Auftraggeber erkl\u00e4rt sich damit einverstanden, dass DIRK W\u00d6HLER | WMS-Event den Namen des Auftraggebers, sowie Bild-, Ton- und Videoaufnahmen von der jeweiligen Veranstaltung f\u00fcr seine Referenzen, z.B. auch Social-Media-Beitr\u00e4ge, verwenden darf.<\/span><\/p>\n<p><span style=\"font-size: 8pt;\"><u>13. Verwendung von Kundendaten<\/u><\/span><br \/>\n<span style=\"font-size: 8pt;\">13.1<\/span><br \/>\n<span style=\"font-size: 8pt;\">DIRK W\u00d6HLER | WMS-Event ist berechtigt, alle Daten, die die Gesch\u00e4ftsbedingungen mit dem Auftraggeber betreffen, gem\u00e4\u00df dem Bundesdatenschutzgesetz zu verarbeiten.<\/span><\/p>\n<p><span style=\"font-size: 8pt;\"><u>14. Teilunwirksamkeit<\/u><\/span><br \/>\n<span style=\"font-size: 8pt;\">14.1<\/span><br \/>\n<span style=\"font-size: 8pt;\">Im Falle der Unwirksamkeit einzelner Vertragsbestimmungen bleibt die Wirksamkeit der \u00fcbrigen Vertragsbestimmungen unber\u00fchrt. Anstelle der unwirksamen vertraglichen Bestimmungen verpflichten sich die Vertragsparteien, diese unverz\u00fcglich im Wege erg\u00e4nzen-der Vereinbarungen durch eine solche schriftliche Abrede zu ersetzen, die dem Ergebnis der unwirksamen Bestimmung wirtschaftlich am n\u00e4chsten kommt.<\/span><\/p>\n<p><span style=\"font-size: 8pt;\"><u>15. Gerichtsstand<br \/>\n<\/u>15.1<\/span><br \/>\n<span style=\"font-size: 8pt;\">Gerichtsstand im Falle gerichtlicher Auseinandersetzungen aus dem Vertragsverh\u00e4ltnis sowie \u00fcber sein Entstehen und seine Wirksamkeit entstehenden Rechtsstreitigkeiten gilt ausschlie\u00dflich der Gerichtsstand Braunschweig.<\/span><\/p>\n<p><span style=\"font-size: 8pt;\"><u>16. Anwendbares Recht<\/u><\/span><br \/>\n<span style=\"font-size: 8pt;\">16.1<\/span><br \/>\n<span style=\"font-size: 8pt;\">Das Vertragsverh\u00e4ltnis unterliegt dem Recht der Bundesrepublik Deutschland<\/span><\/p>\n<p>[\/vc_column_text][\/vc_column][\/vc_row]<\/p>\n","protected":false},"excerpt":{"rendered":"<p>[vc_row][vc_column][vc_column_text] WMS-Event.de &#8211; die Eventertainer \u00ae B\u00fcro- + Paketanschrift: Bevenroder Stra\u00dfe 151 38108 Braunschweig Agenturleitung:\u00a0Dirk W\u00f6hler\u00a0| Betriebswirt Telefon: +49 (0) 531 3 6 8 8 8 Telefax: +49 (0) 531 36 36 88 eMail:\u00a0info(at)wms-event.de SteuerNr: 13\/149\/03788 Eventertainer\u00ae ist eine eingetragene Marke beim Marken- und Patentamt M\u00fcnchen. Bildindex: , Dirk W\u00f6hler, fotolia Allgemeine Gesch\u00e4ftsbedingungen DIRK W\u00d6HLER [&hellip;]<\/p>\n","protected":false},"author":4,"featured_media":0,"parent":0,"menu_order":0,"comment_status":"closed","ping_status":"closed","template":"","meta":{"footnotes":""},"folder":[],"class_list":["post-685","page","type-page","status-publish","hentry"],"_links":{"self":[{"href":"https:\/\/www.wms-event.de\/index.php?rest_route=\/wp\/v2\/pages\/685","targetHints":{"allow":["GET"]}}],"collection":[{"href":"https:\/\/www.wms-event.de\/index.php?rest_route=\/wp\/v2\/pages"}],"about":[{"href":"https:\/\/www.wms-event.de\/index.php?rest_route=\/wp\/v2\/types\/page"}],"author":[{"embeddable":true,"href":"https:\/\/www.wms-event.de\/index.php?rest_route=\/wp\/v2\/users\/4"}],"replies":[{"embeddable":true,"href":"https:\/\/www.wms-event.de\/index.php?rest_route=%2Fwp%2Fv2%2Fcomments&post=685"}],"version-history":[{"count":6,"href":"https:\/\/www.wms-event.de\/index.php?rest_route=\/wp\/v2\/pages\/685\/revisions"}],"predecessor-version":[{"id":1320,"href":"https:\/\/www.wms-event.de\/index.php?rest_route=\/wp\/v2\/pages\/685\/revisions\/1320"}],"wp:attachment":[{"href":"https:\/\/www.wms-event.de\/index.php?rest_route=%2Fwp%2Fv2%2Fmedia&parent=685"}],"wp:term":[{"taxonomy":"folder","embeddable":true,"href":"https:\/\/www.wms-event.de\/index.php?rest_route=%2Fwp%2Fv2%2Ffolder&post=685"}],"curies":[{"name":"wp","href":"https:\/\/api.w.org\/{rel}","templated":true}]}}