{"id":768,"date":"2018-07-10T15:03:13","date_gmt":"2018-07-10T14:03:13","guid":{"rendered":"http:\/\/wms.rootfeld-evolution.de\/?page_id=768"},"modified":"2018-11-12T11:11:19","modified_gmt":"2018-11-12T10:11:19","slug":"datenschutz","status":"publish","type":"page","link":"https:\/\/www.wms-event.de\/?page_id=768","title":{"rendered":"Datenschutz"},"content":{"rendered":"<h1><strong>Geltungsbereich<\/strong><\/h1>\n<p>Auf dieser Seite erhalten Sie Informationen dazu, welche vom Gesetz gesch\u00fctzten Daten bei uns anfallen, wenn Sie unsere Website besuchen und sich einzelne Seiten ansehen, ob wir diese Daten speichern und was wir damit machen.<\/p>\n<h4>1. Allgemeine Hinweise<\/h4>\n<p>Die Datenschutzgesetze sch\u00fctzen personenbezogene Daten. Personenbezogene Daten sind Einzelangaben \u00fcber pers\u00f6nliche oder sachliche Verh\u00e4ltnisse einer bestimmten oder bestimmbaren nat\u00fcrlichen Person (eines Menschen). Hierunter fallen z.B. Name, Post- oder E-Mail-Adresse einer Person, allerdings auch die Angabe, wann diese Person sich welche Seite angeschaut hat.<\/p>\n<h4>2. Erhebung und Verwendung Ihrer Daten<\/h4>\n<p>Welche Daten fallen an und wozu nutzen wir sie?<\/p>\n<h4>a. Zugriff auf die Website, Abruf von Dateien<\/h4>\n<p>Wenn Sie unsere Website besuchen und sich eine einzelne Seite anschauen, rufen Sie jeweils einzelne Dateien, aus denen diese Seite besteht, ab. Der Abruf dieser Dateien wird in einer Protokolldatei (eine einfache Textdatei) gespeichert, die jeweils folgende Informationen f\u00fcr den einzelnen Abruf enth\u00e4lt:<\/p>\n<ul>\n<li>Die IP-Adresse Ihres Computers, der die Datei abgerufen hat;<\/li>\n<li>Datum und Uhrzeit des Abrufes;<\/li>\n<li>Name der Datei, die abgerufen wurde und \u00fcbertragene Datenmenge;<\/li>\n<li>Status der \u00dcbermittlung (erfolgreich oder abgebrochen);<\/li>\n<li>von welcher Seite die Datei urspr\u00fcnglich angefordert wurde und<\/li>\n<li>mit welchem Browser, Betriebssystem und welcher Oberfl\u00e4che die Datei angefordert wurde.<\/li>\n<\/ul>\n<p>Es handelt sich hier um eine typische technische Aufzeichnung, die quasi jeder Webserver vornimmt.<br \/>\nDiese Protokollierung verwenden wir, um technische Fehler unserer Website erkennen und beheben zu k\u00f6nnen, letztlich also, um die Qualit\u00e4t unserer Website in technischer Hinsicht zu verbessern. Die Daten werden wir aber auch verwenden, um eine missbr\u00e4uchliche Nutzung unserer Website aufzudecken und sie zuk\u00fcnftig zu verhindern. Daneben behalten wir uns die statistische Auswertung anonymisierter Datens\u00e4tze dieser Protokolldatei vor, um unser Websiteangebot zu verbessern.<br \/>\nDie Protokolldaten werden f\u00fcr die Dauer von sieben Tagen gespeichert und dann gel\u00f6scht.<\/p>\n<h4>b. Kontaktformular<\/h4>\n<p>Bei einer Kontaktaufnahme mit uns mittels Kontaktformular werden personenbezogene Daten von Ihnen erhoben, wenn Sie die jeweiligen Felder des Formulars ausf\u00fcllen und die Daten absenden. Es obliegt Ihrer freien Entscheidung, ob und welche Informationen Sie uns auf diesem Wege mitteilen. Zu den erhobenen personenbezogenen Daten z\u00e4hlen insoweit insbesondere Ihre Kontaktdaten, wie etwa Vorname, Name, E-Mail-Adresse und optional Telefonnummer und Telefaxnummer.<br \/>\nIhre Angaben werden zum Zweck der Bearbeitung Ihrer Anfrage sowie f\u00fcr den Fall, dass Anschlussfragen entstehen, auf unserem Server gespeichert. Diese Daten werden wir nicht f\u00fcr Werbezwecke verwenden.<br \/>\nSollten Sie uns eine Nachricht \u00fcber das Kontaktformular unserer Website \u00fcbermitteln, so beachten Sie bitte, dass die Daten unverschl\u00fcsselt \u00fcbertragen werden, sofern dies nicht ausdr\u00fccklich anders angegeben ist. Die Vertraulichkeit und Integrit\u00e4t der Inhalte ist nicht gew\u00e4hrleistet.<\/p>\n<h4>3. Verwendung von Cookies<\/h4>\n<p>Auf unserer Website setzen wir die sog. Cookies-Technologie ein. Cookies sind kleine Textdateien, die Ihr Browser auf unsere Veranlassung auf Ihrem Endger\u00e4t speichert. Dort richten sie keinen Schaden an. Sie enthalten keine Viren und erlauben uns nicht, Sie auszusp\u00e4hen. Verwendung finden dabei zwei Arten von Cookies. Tempor\u00e4re Cookies werden mit dem Schlie\u00dfen Ihres Browsers automatisch gel\u00f6scht (Session-Cookies). Dauerhafte Cookies haben demgegen\u00fcber eine maximale Lebensdauer von bis zu einem Jahr. Diese Art von Cookies k\u00f6nnen genutzt werden, um festzustellen, ob von Ihrem Endger\u00e4t bereits eine Kommunikation zu unseren Seiten bestanden hat. Es wird lediglich das Cookie auf Ihrem Endger\u00e4t identifiziert. Personenbezogene Daten k\u00f6nnen dann in Cookies gespeichert werden, wenn Sie zugestimmt haben oder dies technisch unbedingt erforderlich ist, z.B. um einen gesch\u00fctzten Login zu erm\u00f6glichen.<br \/>\nSelbstverst\u00e4ndlich k\u00f6nnen Sie unsere Website auch ohne Cookies betrachten. Wenn Sie nicht m\u00f6chten, dass wir Ihr Endger\u00e4t wiedererkennen, k\u00f6nnen Sie das Speichern von Cookies auf Ihrem Endger\u00e4t verhindern, indem Sie in Ihren Browser-Einstellungen &#8220;keine Cookies akzeptieren&#8221; w\u00e4hlen. Wie das im Einzelnen funktioniert, entnehmen Sie bitte der Anleitung Ihres Browsers.<br \/>\nBitte beachten Sie, dass einzelne Funktionen unserer Webseiten m\u00f6glicherweise nicht zur Verf\u00fcgung stehen, wenn Sie die Verwendung von Cookies deaktiviert haben, da unser Server Sie bei jedem Klick auf unseren Seiten f\u00fcr einen neuen Nutzer halten wird.<br \/>\nWir teilen Cookies in folgende Kategorien ein:<\/p>\n<p><strong><em>Unbedingt erforderliche Cookies (Typ 1)<\/em><\/strong><\/p>\n<p>Diese Cookies sind zwingend erforderlich, damit Websites und deren Funktionen ordnungsgem\u00e4\u00df arbeiten. Ohne diese Cookies k\u00f6nnen z.B. Dienste wie das Kontaktformular nicht bereitgestellt werden.<\/p>\n<p><strong><em>Funktions-Cookies (Typ 2)<\/em><\/strong><\/p>\n<p>Diese Cookies erm\u00f6glichen es, Komfort und Leistung von Websites zu verbessern und verschiedene Funktionen zur Verf\u00fcgung zu stellen. Beispielsweise k\u00f6nnen Spracheinstellungen in Funktions-Cookies gespeichert werden.<br \/>\n<strong><em>Leistungs-Cookies (Typ 3)<\/em><\/strong><br \/>\nDiese Cookies sammeln Informationen dar\u00fcber, wie Sie Websites verwenden. Leistungs-Cookies helfen uns beispielsweise bei der Identifizierung besonders popul\u00e4rer Bereiche unseres Internetangebots. So k\u00f6nnen wir die Inhalte unserer Websites gezielter auf Ihre Bed\u00fcrfnisse abstimmen und somit unser Angebot f\u00fcr Sie verbessern. Die Informationen, die mit diesen Cookies gesammelt werden, sind nicht personenbezogen. Weitere Informationen zur Sammlung und Auswertung der Informationen erhalten Sie im Abschnitt &#8220;<a title=\"\u00d6ffnet internen Link im aktuellen Fenster\" href=\"http:\/\/www.stanger-online.de\/de\/datenschutz\/#c383\" target=\"_self\">Webanalyse-Tool<\/a>Google Analytics&#8221;.<\/p>\n<h4>4. Webanalyse-Tool Google Analytics<\/h4>\n<p>Wir verwenden auf dieser Website Google Analytics, einen Webanalysedienst der Google Inc. (\u201eGoogle\u201c). Google Analytics verwendet sog. \u201eCookies\u201c, Textdateien, die auf Ihrem Computer gespeichert werden und die eine Analyse der Benutzung der Website durch Sie erm\u00f6glichen. Die durch das Cookie erzeugten Informationen \u00fcber Ihre Benutzung dieser Website werden in der Regel an einen Server von Google in den USA \u00fcbertragen und dort gespeichert. Im Falle der Aktivierung der IP-Anonymisierung auf dieser Website, wird Ihre IP-Adresse von Google jedoch innerhalb von Mitgliedstaaten der Europ\u00e4ischen Union oder in anderen Vertragsstaaten des Abkommens \u00fcber den Europ\u00e4ischen Wirtschaftsraum zuvor gek\u00fcrzt. Nur in Ausnahmef\u00e4llen wird die volle IP-Adresse an einen Server von Google in den USA \u00fcbertragen und dort gek\u00fcrzt. Im Auftrag des Betreibers dieser Website wird Google diese Informationen benutzen, um Ihre Nutzung der Website auszuwerten, um Reports \u00fcber die Websiteaktivit\u00e4ten zusammenzustellen und um weitere mit der Websitenutzung und der Internetnutzung verbundene Dienstleistungen gegen\u00fcber dem Websitebetreiber zu erbringen. Die im Rahmen von Google Analytics von Ihrem Browser \u00fcbermittelte IP-Adresse wird nicht mit anderen Daten von Google zusammengef\u00fchrt. Sie k\u00f6nnen die Speicherung der Cookies durch eine entsprechende Einstellung Ihrer Browser-Software verhindern; wir weisen Sie jedoch darauf hin, dass Sie in diesem Fall gegebenenfalls nicht s\u00e4mtliche Funktionen dieser Website vollumf\u00e4nglich werden nutzen k\u00f6nnen. Sie k\u00f6nnen dar\u00fcber hinaus die Erfassung der durch das Cookie erzeugten und auf Ihre Nutzung der Website bezogenen Daten (inkl. Ihrer IP-Adresse) an Google sowie die Verarbeitung dieser Daten durch Google verhindern, indem Sie das unter dem folgenden Link (<a href=\"http:\/\/tools.google.com\/dlpage\/gaoptout?hl=de\" target=\"_blank\" rel=\"noopener noreferrer\">http:\/\/tools.google.com\/dlpage\/gaoptout?hl=de<\/a>) verf\u00fcgbare Browser-Plugin herunterladen und installieren.<\/p>\n<p>N\u00e4here Informationen zu Nutzungsbedingungen und Datenschutz finden Sie unter\u00a0<a href=\"http:\/\/www.google.com\/analytics\/terms\/de.html\" target=\"_blank\" rel=\"noopener noreferrer\">http:\/\/www.google.com\/analytics\/terms\/de.html<\/a>bzw. unter\u00a0<a href=\"https:\/\/www.google.de\/intl\/de\/policies\/\" target=\"_blank\" rel=\"noopener noreferrer\">https:\/\/www.google.de\/intl\/de\/policies\/<\/a>. Wir weisen Sie darauf hin, dass auf dieser Website Google Analytics um den Code \u201eanonymizeIp\u201c erweitert wurde, um eine anonymisierte Erfassung von IP-Adressen (sog. IP-Masking) zu gew\u00e4hrleisten.<\/p>\n<h4>5. Auskunftsrecht<\/h4>\n<p>Nach dem Bundesdatenschutzgesetz k\u00f6nnen Sie unentgeltlich Auskunft \u00fcber Ihre bei uns gespeicherten Daten verlangen. Dar\u00fcber hinaus k\u00f6nnen Sie jederzeit verlangen, dass unrichtige Daten berichtigt, gel\u00f6scht bzw. gesperrt werden.<\/p>\n<h4>6. Ansprechpartner<\/h4>\n<p>Bei Fragen zum Datenschutz, zur Erhebung, Verarbeitung oder Nutzung Ihrer personenbezogenen Daten, bei Ausk\u00fcnften, Berichtigung, Sperrung oder L\u00f6schung von Daten sowie Widerruf erteilter Einwilligungen wenden Sie sich bitte an:\u00a0info@wms-event.de<\/p>\n","protected":false},"excerpt":{"rendered":"<p>Geltungsbereich Auf dieser Seite erhalten Sie Informationen dazu, welche vom Gesetz gesch\u00fctzten Daten bei uns anfallen, wenn Sie unsere Website besuchen und sich einzelne Seiten ansehen, ob wir diese Daten speichern und was wir damit machen. 1. Allgemeine Hinweise Die Datenschutzgesetze sch\u00fctzen personenbezogene Daten. Personenbezogene Daten sind Einzelangaben \u00fcber pers\u00f6nliche oder sachliche Verh\u00e4ltnisse einer bestimmten [&hellip;]<\/p>\n","protected":false},"author":4,"featured_media":0,"parent":0,"menu_order":0,"comment_status":"closed","ping_status":"closed","template":"","meta":{"footnotes":""},"folder":[],"class_list":["post-768","page","type-page","status-publish","hentry"],"_links":{"self":[{"href":"https:\/\/www.wms-event.de\/index.php?rest_route=\/wp\/v2\/pages\/768","targetHints":{"allow":["GET"]}}],"collection":[{"href":"https:\/\/www.wms-event.de\/index.php?rest_route=\/wp\/v2\/pages"}],"about":[{"href":"https:\/\/www.wms-event.de\/index.php?rest_route=\/wp\/v2\/types\/page"}],"author":[{"embeddable":true,"href":"https:\/\/www.wms-event.de\/index.php?rest_route=\/wp\/v2\/users\/4"}],"replies":[{"embeddable":true,"href":"https:\/\/www.wms-event.de\/index.php?rest_route=%2Fwp%2Fv2%2Fcomments&post=768"}],"version-history":[{"count":2,"href":"https:\/\/www.wms-event.de\/index.php?rest_route=\/wp\/v2\/pages\/768\/revisions"}],"predecessor-version":[{"id":1118,"href":"https:\/\/www.wms-event.de\/index.php?rest_route=\/wp\/v2\/pages\/768\/revisions\/1118"}],"wp:attachment":[{"href":"https:\/\/www.wms-event.de\/index.php?rest_route=%2Fwp%2Fv2%2Fmedia&parent=768"}],"wp:term":[{"taxonomy":"folder","embeddable":true,"href":"https:\/\/www.wms-event.de\/index.php?rest_route=%2Fwp%2Fv2%2Ffolder&post=768"}],"curies":[{"name":"wp","href":"https:\/\/api.w.org\/{rel}","templated":true}]}}